{"id":8,"date":"2025-10-28T06:48:13","date_gmt":"2025-10-28T06:48:13","guid":{"rendered":"https:\/\/happylukevip.com\/?page_id=8"},"modified":"2025-12-23T08:56:01","modified_gmt":"2025-12-23T08:56:01","slug":"homepage","status":"publish","type":"page","link":"https:\/\/happylukevip.com\/","title":{"rendered":"Homepage"},"content":{"rendered":"\t\t<div data-elementor-type=\"wp-post\" data-elementor-id=\"8\" class=\"elementor elementor-8\">\n\t\t\t\t<div class=\"elementor-element elementor-element-a075c78 e-con-full main-section e-flex e-con e-parent\" data-id=\"a075c78\" data-element_type=\"container\" data-settings=\"{&quot;background_background&quot;:&quot;classic&quot;}\">\n\t\t<div class=\"elementor-element elementor-element-71b7f9ce main-banner-copy e-flex e-con-boxed e-con e-child\" data-id=\"71b7f9ce\" data-element_type=\"container\">\n\t\t\t\t\t<div class=\"e-con-inner\">\n\t\t<div class=\"elementor-element elementor-element-40fcb72a e-con-full copy e-flex e-con e-child\" data-id=\"40fcb72a\" data-element_type=\"container\">\n\t\t\t\t<div class=\"elementor-element elementor-element-7db0d781 hl-logo elementor-widget elementor-widget-image\" data-id=\"7db0d781\" data-element_type=\"widget\" data-widget_type=\"image.default\">\n\t\t\t\t\t\t\t\t\t\t\t\t\t\t\t<img decoding=\"async\" width=\"193\" height=\"193\" src=\"https:\/\/happylukevip.com\/wp-content\/uploads\/2025\/10\/happyluke-logo.png\" class=\"attachment-large size-large wp-image-19\" alt=\"\" srcset=\"https:\/\/happylukevip.com\/wp-content\/uploads\/2025\/10\/happyluke-logo.png 193w, https:\/\/happylukevip.com\/wp-content\/uploads\/2025\/10\/happyluke-logo-150x150.png 150w\" sizes=\"(max-width: 193px) 100vw, 193px\" \/>\t\t\t\t\t\t\t\t\t\t\t\t\t\t\t<\/div>\n\t\t\t\t<div class=\"elementor-element elementor-element-1a2f82dc copy-img elementor-widget elementor-widget-image\" data-id=\"1a2f82dc\" data-element_type=\"widget\" data-widget_type=\"image.default\">\n\t\t\t\t\t\t\t\t\t\t\t\t\t\t\t<img fetchpriority=\"high\" decoding=\"async\" width=\"565\" height=\"385\" src=\"https:\/\/happylukevip.com\/wp-content\/uploads\/2025\/10\/Copy-v3.png\" class=\"attachment-large size-large wp-image-28\" alt=\"\" srcset=\"https:\/\/happylukevip.com\/wp-content\/uploads\/2025\/10\/Copy-v3.png 565w, https:\/\/happylukevip.com\/wp-content\/uploads\/2025\/10\/Copy-v3-300x204.png 300w\" sizes=\"(max-width: 565px) 100vw, 565px\" \/>\t\t\t\t\t\t\t\t\t\t\t\t\t\t\t<\/div>\n\t\t\t\t<div class=\"elementor-element elementor-element-25b183c5 elementor-widget elementor-widget-html\" data-id=\"25b183c5\" data-element_type=\"widget\" data-widget_type=\"html.default\">\n\t\t\t\t\t<a href=\"https:\/\/hpl88.co\/aff\" class=\"cta ctaLink ctaJoinLink\" target=\"_blank\" id=\"cta\">THAM GIA NGAY<\/a>\t\t\t\t<\/div>\n\t\t\t\t<\/div>\n\t\t<div class=\"elementor-element elementor-element-1cb925aa e-con-full e-flex e-con e-child\" data-id=\"1cb925aa\" data-element_type=\"container\">\n\t\t\t\t<div class=\"elementor-element elementor-element-46415b5a main-img elementor-widget elementor-widget-image\" data-id=\"46415b5a\" data-element_type=\"widget\" data-widget_type=\"image.default\">\n\t\t\t\t\t\t\t\t\t\t\t\t\t\t\t<img decoding=\"async\" width=\"824\" height=\"911\" src=\"https:\/\/happylukevip.com\/wp-content\/uploads\/2025\/10\/main.png\" class=\"attachment-full size-full wp-image-14\" alt=\"\" srcset=\"https:\/\/happylukevip.com\/wp-content\/uploads\/2025\/10\/main.png 824w, https:\/\/happylukevip.com\/wp-content\/uploads\/2025\/10\/main-271x300.png 271w, https:\/\/happylukevip.com\/wp-content\/uploads\/2025\/10\/main-768x849.png 768w, https:\/\/happylukevip.com\/wp-content\/uploads\/2025\/10\/main-300x332.png 300w\" sizes=\"(max-width: 824px) 100vw, 824px\" \/>\t\t\t\t\t\t\t\t\t\t\t\t\t\t\t<\/div>\n\t\t\t\t<\/div>\n\t\t\t\t\t<\/div>\n\t\t\t\t<\/div>\n\t\t\t\t<\/div>\n\t\t<div class=\"elementor-element elementor-element-7e342f53 e-con-full section2 e-flex e-con e-parent\" data-id=\"7e342f53\" data-element_type=\"container\" data-settings=\"{&quot;background_background&quot;:&quot;classic&quot;}\">\n\t\t<div class=\"elementor-element elementor-element-6b9153f2 section2 e-flex e-con-boxed e-con e-child\" data-id=\"6b9153f2\" data-element_type=\"container\" data-settings=\"{&quot;background_background&quot;:&quot;classic&quot;}\">\n\t\t\t\t\t<div class=\"e-con-inner\">\n\t\t<div class=\"elementor-element elementor-element-203487e2 e-con-full e-flex e-con e-child\" data-id=\"203487e2\" data-element_type=\"container\">\n\t\t\t\t<div class=\"elementor-element elementor-element-cf58dff section-title elementor-widget elementor-widget-heading\" data-id=\"cf58dff\" data-element_type=\"widget\" data-widget_type=\"heading.default\">\n\t\t\t\t\t<h2 class=\"elementor-heading-title elementor-size-default\">TH\u1edcI GIAN \u0110\u1ebeM NG\u01af\u1ee2C. TI\u1ec0N T\u1ef6 T\u1edaI TAY. C\u01af\u1ee2C NGAY S\u1ee2 G\u00cc?<\/h2>\t\t\t\t<\/div>\n\t\t\t\t<div class=\"elementor-element elementor-element-403bf28 sub-title elementor-widget elementor-widget-text-editor\" data-id=\"403bf28\" data-element_type=\"widget\" data-widget_type=\"text-editor.default\">\n\t\t\t\t\t\t\t\t\t<p>C\u00f3 t\u1ea5t tay c\u0169ng kh\u00f4ng r\u1ee7i ro. Ho\u00e0n tr\u1ea3 thua c\u01b0\u1ee3c t\u1ed1i \u0111a<\/p>\t\t\t\t\t\t\t\t<\/div>\n\t\t\t\t<div class=\"elementor-element elementor-element-3d61f81f elementor-widget elementor-widget-html\" data-id=\"3d61f81f\" data-element_type=\"widget\" data-widget_type=\"html.default\">\n\t\t\t\t\t<link href=\"https:\/\/pbutcher.uk\/flipdown\/css\/flipdown\/flipdown.css\" rel=\"stylesheet\" \/>\r\n        <!-- Font Awesome -->\r\n        <link href=\"https:\/\/use.fontawesome.com\/releases\/v5.3.1\/css\/all.css\" rel=\"stylesheet\" \/>\r\n\r\n<div class=\"count-down\">\r\n            <div class=\"flipdown\" id=\"flipdown\"><\/div>\r\n        <\/div>\r\n\r\n\r\n<style>\r\n.flipdown h2 {\r\n    color: #fff;\r\n}\r\n.count-down {\r\n    max-width: 600px;\r\n    margin: 0 auto 4rem;\r\n}\r\n.count-down .flipdown {\r\n    margin: auto;\r\n    max-width: 600px;\r\n    margin-top: 30px;\r\n    display: flex;\r\n    justify-content: center;\r\n    align-items: center;\r\n}\r\n.count-down h1 {\r\n    text-align: center;\r\n    font-weight: 400;\r\n    font-size: 3em;\r\n    margin-top: 0;\r\n    margin-bottom: 10px;\r\n}\r\n.flipdown.flipdown__theme-dark .rotor, .flipdown.flipdown__theme-dark .rotor-top, .flipdown.flipdown__theme-dark .rotor-leaf-front {\r\n    background-color: #fff;\r\n    color: #1a59ec;\r\n}\r\n.flipdown.flipdown__theme-dark .rotor-bottom, .flipdown.flipdown__theme-dark .rotor-leaf-rear {\r\n    color: #1049cd;\r\n    background-color: #ececec;\r\n}\r\n.flipdown.flipdown__theme-dark .rotor-group:nth-child(n+2):nth-child(-n+3):before, .flipdown.flipdown__theme-dark .rotor-group:nth-child(n+2):nth-child(-n+3):after {\r\n    background-color: #fff;\r\n}\r\n.flipdown.flipdown__theme-dark .rotor-group-heading:before {\r\n    color: #fff;\r\n}\r\n@media (max-width: 550px) {\r\n    .count-down {\r\n        width: 100%;\r\n    }\r\n    .count-down h1 {\r\n        font-size: 2.5em;\r\n    }\r\n}\r\n<\/style>\r\n\r\n\r\n\r\n<script src=\"https:\/\/pbutcher.uk\/flipdown\/js\/flipdown\/flipdown.js\"><\/script>\r\n\r\n<script>\r\n\/\/ The End Of Year Date To Countdown Date\r\n\r\ndocument.addEventListener('DOMContentLoaded', () => {\r\n    \/\/ Unix timestamp (in seconds) to count down to\r\n    var toDayFromNow = (new Date(\"Oct 31, 2025 23:59:59\").getTime() \/ 1000) + (3600 \/ 60 \/ 60 \/ 24) - 1;\r\n    \/\/ Set Up FlipDown\r\n    var flipdown = new FlipDown(toDayFromNow)\r\n\r\n    \/\/ Start The Count Down\r\n    .start()\r\n    \/\/ Do Something When The Countdown Ends\r\n    .ifEnded(() => {\r\n        document.querySelector(\".flipdown\").innerHTML = `<h2>Timer is ended<\/h2>`;\r\n    });\r\n});\r\n<\/script>\t\t\t\t<\/div>\n\t\t\t\t<\/div>\n\t\t<div class=\"elementor-element elementor-element-17899545 e-con-full e-flex e-con e-child\" data-id=\"17899545\" data-element_type=\"container\">\n\t\t\t\t<div class=\"elementor-element elementor-element-25cdb23 section-title elementor-widget elementor-widget-heading\" data-id=\"25cdb23\" data-element_type=\"widget\" data-widget_type=\"heading.default\">\n\t\t\t\t\t<h2 class=\"elementor-heading-title elementor-size-default\">NHANH CH\u00d3NG. B\u1ea2O M\u1eacT. TUY\u1ec6T \u0110\u1ed0I K\u00cdN \u0110\u00c1O.<\/h2>\t\t\t\t<\/div>\n\t\t<div class=\"elementor-element elementor-element-d1303ae e-grid e-con-full promo-content e-con e-child\" data-id=\"d1303ae\" data-element_type=\"container\">\n\t\t\t\t<div class=\"elementor-element elementor-element-f477a1b promo-box elementor-position-top elementor-widget elementor-widget-image-box\" data-id=\"f477a1b\" data-element_type=\"widget\" data-widget_type=\"image-box.default\">\n\t\t\t\t\t<div class=\"elementor-image-box-wrapper\"><figure class=\"elementor-image-box-img\"><img loading=\"lazy\" decoding=\"async\" width=\"65\" height=\"65\" src=\"https:\/\/happylukevip.com\/wp-content\/uploads\/2025\/10\/momo.png\" class=\"attachment-full size-full wp-image-16\" alt=\"\" \/><\/figure><\/div>\t\t\t\t<\/div>\n\t\t\t\t<div class=\"elementor-element elementor-element-4867e22 promo-box elementor-position-top elementor-widget elementor-widget-image-box\" data-id=\"4867e22\" data-element_type=\"widget\" data-widget_type=\"image-box.default\">\n\t\t\t\t\t<div class=\"elementor-image-box-wrapper\"><figure class=\"elementor-image-box-img\"><img loading=\"lazy\" decoding=\"async\" width=\"153\" height=\"43\" src=\"https:\/\/happylukevip.com\/wp-content\/uploads\/2025\/10\/zalopay.png\" class=\"attachment-full size-full wp-image-18\" alt=\"\" srcset=\"https:\/\/happylukevip.com\/wp-content\/uploads\/2025\/10\/zalopay.png 153w, https:\/\/happylukevip.com\/wp-content\/uploads\/2025\/10\/zalopay-150x43.png 150w\" sizes=\"(max-width: 153px) 100vw, 153px\" \/><\/figure><\/div>\t\t\t\t<\/div>\n\t\t\t\t<div class=\"elementor-element elementor-element-430a2f0 promo-box elementor-position-top elementor-widget elementor-widget-image-box\" data-id=\"430a2f0\" data-element_type=\"widget\" data-widget_type=\"image-box.default\">\n\t\t\t\t\t<div class=\"elementor-image-box-wrapper\"><figure class=\"elementor-image-box-img\"><img loading=\"lazy\" decoding=\"async\" width=\"69\" height=\"65\" src=\"https:\/\/happylukevip.com\/wp-content\/uploads\/2025\/10\/bank-transfer.png\" class=\"attachment-full size-full wp-image-10\" alt=\"\" \/><\/figure><\/div>\t\t\t\t<\/div>\n\t\t\t\t<div class=\"elementor-element elementor-element-2cdab99 promo-box elementor-position-top elementor-widget elementor-widget-image-box\" data-id=\"2cdab99\" data-element_type=\"widget\" data-widget_type=\"image-box.default\">\n\t\t\t\t\t<div class=\"elementor-image-box-wrapper\"><figure class=\"elementor-image-box-img\"><img loading=\"lazy\" decoding=\"async\" width=\"68\" height=\"68\" src=\"https:\/\/happylukevip.com\/wp-content\/uploads\/2025\/10\/btc.png\" class=\"attachment-full size-full wp-image-12\" alt=\"\" \/><\/figure><\/div>\t\t\t\t<\/div>\n\t\t\t\t<div class=\"elementor-element elementor-element-91db5c6 promo-box elementor-position-top elementor-widget elementor-widget-image-box\" data-id=\"91db5c6\" data-element_type=\"widget\" data-widget_type=\"image-box.default\">\n\t\t\t\t\t<div class=\"elementor-image-box-wrapper\"><figure class=\"elementor-image-box-img\"><img loading=\"lazy\" decoding=\"async\" width=\"88\" height=\"68\" src=\"https:\/\/happylukevip.com\/wp-content\/uploads\/2025\/10\/mc.png\" class=\"attachment-full size-full wp-image-15\" alt=\"\" \/><\/figure><\/div>\t\t\t\t<\/div>\n\t\t\t\t<div class=\"elementor-element elementor-element-0691217 promo-box elementor-position-top elementor-widget elementor-widget-image-box\" data-id=\"0691217\" data-element_type=\"widget\" data-widget_type=\"image-box.default\">\n\t\t\t\t\t<div class=\"elementor-image-box-wrapper\"><figure class=\"elementor-image-box-img\"><img loading=\"lazy\" decoding=\"async\" width=\"133\" height=\"44\" src=\"https:\/\/happylukevip.com\/wp-content\/uploads\/2025\/10\/visa.png\" class=\"attachment-full size-full wp-image-17\" alt=\"\" \/><\/figure><\/div>\t\t\t\t<\/div>\n\t\t\t\t<\/div>\n\t\t\t\t<div class=\"elementor-element elementor-element-5c83904 elementor-widget elementor-widget-html\" data-id=\"5c83904\" data-element_type=\"widget\" data-widget_type=\"html.default\">\n\t\t\t\t\t<a href=\"https:\/\/hpl88.co\/aff\" class=\"cta ctaLink ctaJoinLink\" target=\"_blank\" id=\"cta\">THAM GIA NGAY<\/a>\t\t\t\t<\/div>\n\t\t\t\t<\/div>\n\t\t\t\t\t<\/div>\n\t\t\t\t<\/div>\n\t\t\t\t<\/div>\n\t\t<div class=\"elementor-element elementor-element-13b7f602 e-con-full socials e-flex e-con e-parent\" data-id=\"13b7f602\" data-element_type=\"container\" data-settings=\"{&quot;background_background&quot;:&quot;classic&quot;}\">\n\t\t<div class=\"elementor-element elementor-element-6a1ea537 social-container e-flex e-con-boxed e-con e-child\" data-id=\"6a1ea537\" data-element_type=\"container\">\n\t\t\t\t\t<div class=\"e-con-inner\">\n\t\t\t\t<div class=\"elementor-element elementor-element-3aec0819 elementor-widget elementor-widget-heading\" data-id=\"3aec0819\" data-element_type=\"widget\" data-widget_type=\"heading.default\">\n\t\t\t\t\t<h3 class=\"elementor-heading-title elementor-size-default\">Li\u00ean h\u1ec7<\/h3>\t\t\t\t<\/div>\n\t\t\t\t<div class=\"elementor-element elementor-element-79b0ed14 elementor-widget elementor-widget-image\" data-id=\"79b0ed14\" data-element_type=\"widget\" data-widget_type=\"image.default\">\n\t\t\t\t\t\t\t\t\t\t\t\t\t\t\t\t<a href=\"https:\/\/bit.ly\/4qtZquT\" target=\"_blank\">\n\t\t\t\t\t\t\t<img loading=\"lazy\" decoding=\"async\" width=\"52\" height=\"52\" src=\"https:\/\/happylukevip.com\/wp-content\/uploads\/2025\/10\/tg.png\" class=\"attachment-large size-large wp-image-23\" alt=\"\" \/>\t\t\t\t\t\t\t\t<\/a>\n\t\t\t\t\t\t\t\t\t\t\t\t\t\t\t<\/div>\n\t\t\t\t<div class=\"elementor-element elementor-element-19d2219d elementor-widget elementor-widget-image\" data-id=\"19d2219d\" data-element_type=\"widget\" data-widget_type=\"image.default\">\n\t\t\t\t\t\t\t\t\t\t\t\t\t\t\t\t<a href=\"https:\/\/www.facebook.com\/HappylukeVNofficial\/\" target=\"_blank\">\n\t\t\t\t\t\t\t<img loading=\"lazy\" decoding=\"async\" width=\"52\" height=\"52\" src=\"https:\/\/happylukevip.com\/wp-content\/uploads\/2025\/10\/fb.png\" class=\"attachment-large size-large wp-image-20\" alt=\"\" \/>\t\t\t\t\t\t\t\t<\/a>\n\t\t\t\t\t\t\t\t\t\t\t\t\t\t\t<\/div>\n\t\t\t\t<div class=\"elementor-element elementor-element-20fe9d2e elementor-widget elementor-widget-image\" data-id=\"20fe9d2e\" data-element_type=\"widget\" data-widget_type=\"image.default\">\n\t\t\t\t\t\t\t\t\t\t\t\t\t\t\t\t<a href=\"https:\/\/www.instagram.com\/happyluke_vn\/\" target=\"_blank\">\n\t\t\t\t\t\t\t<img loading=\"lazy\" decoding=\"async\" width=\"52\" height=\"52\" src=\"https:\/\/happylukevip.com\/wp-content\/uploads\/2025\/10\/ig.png\" class=\"attachment-large size-large wp-image-21\" alt=\"\" \/>\t\t\t\t\t\t\t\t<\/a>\n\t\t\t\t\t\t\t\t\t\t\t\t\t\t\t<\/div>\n\t\t\t\t\t<\/div>\n\t\t\t\t<\/div>\n\t\t\t\t<\/div>\n\t\t<div class=\"elementor-element elementor-element-5a129d4f e-con-full e-flex e-con e-parent\" data-id=\"5a129d4f\" data-element_type=\"container\">\n\t\t\t\t<div class=\"elementor-element elementor-element-4cdaa8a0 elementor-widget elementor-widget-html\" data-id=\"4cdaa8a0\" data-element_type=\"widget\" data-widget_type=\"html.default\">\n\t\t\t\t\t<!--<footer class=\"footer\" id=\"shared-footer\"><\/footer>-->\r\n\r\n<!--<script>-->\r\n<!--fetch(\"https:\/\/hllch-footer.pages.dev\/footer-vn?ver=\" + Date.now())-->\r\n<!--  .then(res => res.text())-->\r\n<!--  .then(html => document.getElementById(\"shared-footer\").innerHTML = html);-->\r\n<!--<\/script>-->\r\n\r\n<script>\r\n    const ctaJoinLink = document.querySelectorAll(\".ctaJoinLink\");\r\nconst ctaDomain = document.getElementById(\"cta\").getAttribute(\"href\");\r\nconst urlParams = window.location.search;\r\n\r\nconst handleUrl = function (params) {\r\n\tlet newDomain;\r\n\r\n\t\/**\r\n\t * Check if params has value if true then add it to each CTA in the DOM\r\n\t * else just add the domain to each CTA in the DOM\r\n\t *\/\r\n\tparams ? (newDomain = `${ctaDomain}${params}`) : (newDomain = `${ctaDomain}`);\r\n\r\n\tctaJoinLink.forEach((link) => (link.href = newDomain));\r\n};\r\n\r\nhandleUrl(urlParams);\r\n<\/script>\t\t\t\t<\/div>\n\t\t\t\t<\/div>\n\t\t<div class=\"elementor-element elementor-element-1b0b150e e-con-full e-flex e-con e-parent\" data-id=\"1b0b150e\" data-element_type=\"container\">\n\t\t\t\t<div class=\"elementor-element elementor-element-41b35469 elementor-widget elementor-widget-html\" data-id=\"41b35469\" data-element_type=\"widget\" data-widget_type=\"html.default\">\n\t\t\t\t\t<style>\r\n\r\n.customize-unpreviewable, .sep {\r\n\tdisplay: none !important;\r\n}\r\n\r\n.site-info {\r\n\ttext-align: center !important;\r\n}\r\n\r\nhtml {\r\n    font-size: 100%;\r\n}\r\n\r\n.credits {\r\n\tdisplay: none;\r\n}\r\n.page-template-elementor_canvas, body, html {\r\n    overflow-x: hidden !important;\r\n}\r\n\r\n.main-img img {\r\n    position: absolute;\r\n    bottom: 0;\r\n    left: calc(50% - 400px);\r\n    max-width: unset;\r\n    top: 65px;\r\n    pointer-events: none;\r\n}\r\n\r\n.copy {\r\n    margin: 7rem 0 22rem;\r\n    z-index: 9;\r\n}\r\n\r\n.copy-img img {\r\n    margin: 2rem auto 0;\r\n}\r\n\r\n.hl-logo img {\r\n    max-width: 130px;\r\n}\r\n\r\n.cta {\r\n        background: #ec008c;\r\n    background: linear-gradient(0deg, #ec008c 0%, rgba(250, 65, 173, 1) 100%);\r\n    text-decoration: none;\r\n    display: flex\r\n;\r\n    margin: 4rem auto 0;\r\n    text-align: center;\r\n    border: 2px solid #d73680;\r\n    font-weight: 500;\r\n    border-radius: 50px;\r\n    font-size: 1.8rem;\r\n    padding: 1rem 1rem;\r\n    min-height: 3.5rem;\r\n    transition: all 0.3s \r\nease-in-out;\r\n    display: block;\r\n    max-width: 420px;\r\n    color: #fff;\r\n    justify-content: center;\r\n    align-items: center;\r\n}\r\n\r\n.cta:hover {\r\n    color: #fff;\r\n    transform: scale(1.1);\r\n}\r\n\r\n.section2-cta {\r\n    margin-top: -6rem;\r\n}\r\n\r\n\r\n.promo-box {\r\n    background: rgba(0,0,0,0.5);\r\n    border-radius: 10px;\r\n    max-width: 400px !important;\r\n    padding: 1rem 10px;\r\n    width: 100% !important;\r\n    display: flex;\r\n    align-items: center;\r\n    justify-content: center;\r\n}\r\n\r\n\r\n.promo-box img {\r\n    margin: 0 auto;\r\n}\r\n\r\n.elementor-widget-image-box .elementor-image-box-img img {\r\n    display: block;\r\n    line-height: 0;\r\n}\r\n\r\n.promo-box h3 {\r\n    font-size: 1.2rem;\r\n    margin-bottom: 0;\r\n    margin-top: 0;\r\n}\r\n\r\n.promo-box .elementor-image-box-img {\r\n    width: 100% !important;\r\n    margin: 0 !important;\r\n}\r\n\r\n.section2 {\r\n    padding: 2rem 0 4rem;\r\n}\r\n\r\n.sub-title p {\r\n    margin: 0.8rem auto 0;\r\n        line-height: calc(1rem * 1.5);\r\n}\r\n\r\n.section-title h2 {\r\n    line-height: calc(1.3rem * 1.5);\r\n}\r\n\r\n.footer {\r\n    margin-top: 0;\r\n}\r\n\r\n.promo-content .e-con-inner {\r\n    justify-items: center;\r\n}\r\n\r\n.logo-section {\r\n    position: relative;\r\n    z-index: 9;\r\n}\r\n\r\n.cta-desktop, .cta-mobile {\r\n    background: none;\r\n    max-width: unset;\r\n    margin: 0 auto;\r\n}\r\n\r\n.cta-mobile {\r\n    display: none;\r\n}\r\n\r\n@media only screen and (max-width:1200px) {\r\n    .main-img img {\r\n        left: calc(50% - 360px);\r\n    }\r\n}\r\n\r\n@media only screen and (max-width: 991px) {\r\n        .main-img img {\r\n        position: relative;\r\n        max-width: unset !important;\r\n        width: 110%;\r\n        transform: translateX(-50%);\r\n        left: 47%;\r\n        top: 0rem;\r\n        margin-top: 2rem;\r\n        bottom: 0px;\r\n    }\r\n\t.main-banner-copy .e-con-inner {\r\n        flex-direction: column !important;\r\n\t}\r\n    .main-banner-copy .e-con-full {\r\n        width: 100%;\r\n    }\r\n\t.cta {\r\n        margin: 2rem auto 0;\r\n\t}\r\n\t.copy {\r\n        margin: 3rem auto 1rem;\r\n\t\tgap: 0;\r\n        position: relative;\r\n        z-index: 9;\r\n        padding: 0 1rem 0 !important;\r\n\t}\r\n\t.main-section {\r\n        gap: 0;\r\n        padding-bottom: 0;\r\n    }\r\n    .main-section::before {\r\n        background-color: transparent !important;\r\n        background-image: linear-gradient(0deg, #18030300 0%, #180303 100%) !important;\r\n        display: none;\r\n        position: absolute;\r\n        top: 0;\r\n        left: 0;\r\n        height: 100%;\r\n        content: ' ';\r\n    }\r\n    .main-banner-copy .e-con-full {\r\n        padding: 0;\r\n    }\r\n    .section2 {\r\n    padding: 3rem 1rem;\r\n}\r\n}\r\n\r\n@media only screen and (max-width: 767px) {\r\n    .main-img img {\r\n        width: 110%;\r\n    }\r\n    .cta-desktop {\r\n        display: none;\r\n    }\r\n    .cta-mobile {\r\n        display: block;\r\n        margin: 0 auto;\r\n    }\r\n    .cta-mobile img {\r\n        border-radius: 1rem;\r\n    }\r\n    .section2-cta {\r\n    margin-top: -4rem;\r\n}\r\n    \r\n}\r\n\r\n@media only screen and (max-width: 600px) {\r\n\t.promo-box {\r\n        padding: 1rem;\r\n\t}\r\n\t.promo-box img {\r\n        width: 100%;\r\n\t}\r\n\t.promo-box h3 {\r\n        font-size: 1rem;\r\n\t}\r\n\t.cta {\r\n\t\tfont-size: 1.5rem;\r\n        padding: 1rem 1rem;\r\n\t}\r\n}\r\n\r\n\r\n@media only screen and (max-width: 475px) {\r\n    .section2 {\r\n        padding: 2rem 0.5rem 2rem;\r\n    }\r\n}\r\n\r\n<\/style>\t\t\t\t<\/div>\n\t\t\t\t<\/div>\n\t\t\t\t<\/div>\n\t\t","protected":false},"excerpt":{"rendered":"<p>THAM GIA NGAY TH\u1edcI GIAN \u0110\u1ebeM NG\u01af\u1ee2C. TI\u1ec0N T\u1ef6 T\u1edaI TAY. C\u01af\u1ee2C NGAY S\u1ee2 G\u00cc? C\u00f3 t\u1ea5t tay c\u0169ng kh\u00f4ng r\u1ee7i ro. Ho\u00e0n tr\u1ea3 thua c\u01b0\u1ee3c t\u1ed1i \u0111a NHANH CH\u00d3NG. B\u1ea2O M\u1eacT. TUY\u1ec6T \u0110\u1ed0I K\u00cdN \u0110\u00c1O. THAM GIA NGAY Li\u00ean h\u1ec7<\/p>\n","protected":false},"author":3,"featured_media":0,"parent":0,"menu_order":0,"comment_status":"closed","ping_status":"closed","template":"elementor_canvas","meta":{"_genesis_block_theme_hide_title":false,"footnotes":""},"class_list":["post-8","page","type-page","status-publish","hentry","post","without-featured-image"],"featured_image_src":null,"featured_image_src_square":null,"_links":{"self":[{"href":"https:\/\/happylukevip.com\/index.php?rest_route=\/wp\/v2\/pages\/8","targetHints":{"allow":["GET"]}}],"collection":[{"href":"https:\/\/happylukevip.com\/index.php?rest_route=\/wp\/v2\/pages"}],"about":[{"href":"https:\/\/happylukevip.com\/index.php?rest_route=\/wp\/v2\/types\/page"}],"author":[{"embeddable":true,"href":"https:\/\/happylukevip.com\/index.php?rest_route=\/wp\/v2\/users\/3"}],"replies":[{"embeddable":true,"href":"https:\/\/happylukevip.com\/index.php?rest_route=%2Fwp%2Fv2%2Fcomments&post=8"}],"version-history":[{"count":0,"href":"https:\/\/happylukevip.com\/index.php?rest_route=\/wp\/v2\/pages\/8\/revisions"}],"wp:attachment":[{"href":"https:\/\/happylukevip.com\/index.php?rest_route=%2Fwp%2Fv2%2Fmedia&parent=8"}],"curies":[{"name":"wp","href":"https:\/\/api.w.org\/{rel}","templated":true}]}}